{"id":147,"date":"2024-10-27T21:52:39","date_gmt":"2024-10-27T20:52:39","guid":{"rendered":"https:\/\/www.faitsetgestes.fr\/?page_id=147"},"modified":"2025-03-16T17:01:50","modified_gmt":"2025-03-16T16:01:50","slug":"methode-niromathe","status":"publish","type":"page","link":"https:\/\/www.faitsetgestes.fr\/?page_id=147","title":{"rendered":"M\u00e9thode Niromath\u00e9"},"content":{"rendered":"\n<div class=\"wp-block-cover is-light\"><span aria-hidden=\"true\" class=\"wp-block-cover__background has-white-background-color has-background-dim-100 has-background-dim\"><\/span><div class=\"wp-block-cover__inner-container is-layout-constrained wp-block-cover-is-layout-constrained\">\n<div class=\"wp-block-columns is-layout-flex wp-container-core-columns-is-layout-9d6595d7 wp-block-columns-is-layout-flex\">\n<div class=\"wp-block-column is-layout-flow wp-block-column-is-layout-flow\">\n<figure class=\"wp-block-gallery has-nested-images columns-default is-cropped wp-block-gallery-1 is-layout-flex wp-block-gallery-is-layout-flex\">\n<figure class=\"wp-block-image size-large is-style-default\"><img loading=\"lazy\" decoding=\"async\" width=\"1024\" height=\"681\" data-id=\"281\" src=\"https:\/\/www.faitsetgestes.fr\/wp-content\/uploads\/2024\/12\/physiotherapist-helping-patient-her-clinic-1024x681.jpg\" alt=\"\" class=\"wp-image-281\" srcset=\"https:\/\/www.faitsetgestes.fr\/wp-content\/uploads\/2024\/12\/physiotherapist-helping-patient-her-clinic-1024x681.jpg 1024w, https:\/\/www.faitsetgestes.fr\/wp-content\/uploads\/2024\/12\/physiotherapist-helping-patient-her-clinic-300x200.jpg 300w, https:\/\/www.faitsetgestes.fr\/wp-content\/uploads\/2024\/12\/physiotherapist-helping-patient-her-clinic-768x511.jpg 768w, https:\/\/www.faitsetgestes.fr\/wp-content\/uploads\/2024\/12\/physiotherapist-helping-patient-her-clinic-1536x1021.jpg 1536w, https:\/\/www.faitsetgestes.fr\/wp-content\/uploads\/2024\/12\/physiotherapist-helping-patient-her-clinic.jpg 2000w\" sizes=\"auto, (max-width: 767px) 89vw, (max-width: 1000px) 54vw, (max-width: 1071px) 543px, 580px\" \/><\/figure>\n<\/figure>\n<\/div>\n\n\n\n<div class=\"wp-block-column has-black-color has-white-background-color has-text-color has-background has-link-color wp-elements-55e7b584c5c2c2280ff1ee3c210de62a is-layout-flow wp-block-column-is-layout-flow\" style=\"flex-basis:70%\">\n<p class=\"has-small-font-size\">La m\u00e9thode niromath\u00e9 est une m\u00e9thode douce de r\u00e9flexoth\u00e9rapie vert\u00e9brale et p\u00e9riph\u00e9rique . le praticien soulage en faisant vibrer la peau sur les reliefs osseux et tendineux . Cette vibration l\u00e8ve les spasmes responsables des blocages et des douleurs .<\/p>\n\n\n\n<p class=\"has-small-font-size\">C\u2019est une m\u00e9thode rapide, le r\u00e9sultat peut commencer \u00e0 se faire sentir pendant la s\u00e9ance . Facile \u00e0 mettre en \u0153uvre , deux tabourets suffisent . Il est donc possible de la pratiquer \u00e0 domicile . Elle peut \u00e9galement se pratiquer sur des personnes en fauteuil ou alit\u00e9es .<\/p>\n\n\n\n<p class=\"has-small-font-size\">Pour quoi ? toutes les douleurs ou limitations de mouvements \u00e0 l&#8217;exception des douleurs tumorales , inflammatoires en p\u00e9riode aigu\u00eb , infectieuses et toxiques.<\/p>\n\n\n\n<p class=\"has-small-font-size\">Il y a aussi de bon r\u00e9sultats sur certains vertiges et certains acouph\u00e8nes .<\/p>\n\n\n\n<p class=\"has-small-font-size\">Quelle tenue pour la s\u00e9ance ? : id\u00e9alement en sous v\u00eatements sinon avec des v\u00eatements l\u00e9gers et souples<\/p>\n\n\n\n<p class=\"has-small-font-size\">Pour qui ? du b\u00e9b\u00e9 \u00e0 la personne \u00e2g\u00e9e<\/p>\n\n\n\n<p class=\"has-small-font-size\">La s\u00e9ance dure environ 1 h<\/p>\n\n\n\n<p class=\"has-small-font-size\"><strong>La m\u00e9thode Niromath\u00e9\u00ae ne se substitue pas \u00e0 une consultation m\u00e9dicale ni \u00e0 des s\u00e9ances de kin\u00e9sith\u00e9rapie ou d\u2019ost\u00e9opathie.<\/strong><\/p>\n<\/div>\n<\/div>\n<\/div><\/div>\n\n\n\n<div class=\"wp-block-buttons is-content-justification-center is-layout-flex wp-container-core-buttons-is-layout-16018d1d wp-block-buttons-is-layout-flex\">\n<div class=\"wp-block-button has-custom-width wp-block-button__width-25 has-custom-font-size is-style-outline has-small-font-size is-style-outline--2\" id=\"https:\/\/www.faitsetgestes.fr\/?page_id=214\"><a class=\"wp-block-button__link has-black-color has-luminous-vivid-amber-background-color has-text-color has-background has-link-color wp-element-button\">Je prends RV <\/a><\/div>\n<\/div>\n\n\n\n<p id=\"https:\/\/www.faitsetgestes.fr\/?page_id=214\"><\/p>\n","protected":false},"excerpt":{"rendered":"","protected":false},"author":2,"featured_media":0,"parent":0,"menu_order":0,"comment_status":"closed","ping_status":"closed","template":"template-page-builder.php","meta":{"om_disable_all_campaigns":false,"_monsterinsights_skip_tracking":false,"_monsterinsights_sitenote_active":false,"_monsterinsights_sitenote_note":"","_monsterinsights_sitenote_category":0,"_uf_show_specific_survey":0,"_uf_disable_surveys":false,"footnotes":""},"class_list":["post-147","page","type-page","status-publish","hentry"],"aioseo_notices":[],"_links":{"self":[{"href":"https:\/\/www.faitsetgestes.fr\/index.php?rest_route=\/wp\/v2\/pages\/147","targetHints":{"allow":["GET"]}}],"collection":[{"href":"https:\/\/www.faitsetgestes.fr\/index.php?rest_route=\/wp\/v2\/pages"}],"about":[{"href":"https:\/\/www.faitsetgestes.fr\/index.php?rest_route=\/wp\/v2\/types\/page"}],"author":[{"embeddable":true,"href":"https:\/\/www.faitsetgestes.fr\/index.php?rest_route=\/wp\/v2\/users\/2"}],"replies":[{"embeddable":true,"href":"https:\/\/www.faitsetgestes.fr\/index.php?rest_route=%2Fwp%2Fv2%2Fcomments&post=147"}],"version-history":[{"count":0,"href":"https:\/\/www.faitsetgestes.fr\/index.php?rest_route=\/wp\/v2\/pages\/147\/revisions"}],"wp:attachment":[{"href":"https:\/\/www.faitsetgestes.fr\/index.php?rest_route=%2Fwp%2Fv2%2Fmedia&parent=147"}],"curies":[{"name":"wp","href":"https:\/\/api.w.org\/{rel}","templated":true}]}}