{"id":183,"date":"2024-12-20T18:16:10","date_gmt":"2024-12-20T17:16:10","guid":{"rendered":"https:\/\/www.faitsetgestes.fr\/?page_id=183"},"modified":"2024-12-20T19:15:08","modified_gmt":"2024-12-20T18:15:08","slug":"mon-parcours","status":"publish","type":"page","link":"https:\/\/www.faitsetgestes.fr\/?page_id=183","title":{"rendered":"Mon Parcours"},"content":{"rendered":"\n<p>En 2015 : j\u2019ai d\u00e9couvert le Chi Ne\u00ef Tsang avec Tifen et le praticien m\u2019a propos\u00e9 de m\u2019y former . Ce que j\u2019ai fait en partie . A ce moment-l\u00e0 , j\u2019ai ouvert les portes de l\u2019\u00e9nerg\u00e9tique .<\/p>\n\n\n\n<p>En 2019 : je d\u00e9bute l\u2019EFT avec Marion Blique \u00e0 IFPEC de Paris et je poursuis le cursus avec No\u00eblle Cassan en 2020 .<\/p>\n\n\n\n<p>En 2022 : c\u2019est avec Laurent Marchand que je commence \u00e0 utiliser l\u2019\u00e9nergie et ses connexions .<\/p>\n\n\n\n<p>En 2023 :convaincu des aides potentiellement accessibles par ses techniques , je me forme au scan th\u00e9rapeutique , toujours avec Laurent Marchand ,. Je suis en cours de certification , d\u00e8s que c\u2019est fait , je vous le propose .<\/p>\n\n\n\n<p>En 2024 : la m\u00e9thode Niromath\u00e9 entre dans ma boite \u00e0 outil . C\u2019est ma p\u00e9pite !<\/p>\n\n\n\n<p>Mise au point \u00e0 la fin des ann\u00e9es 90 par le Dr Raymond Branly et Thierry Vandorme ost\u00e9opathe et acupuncteur . C\u2019est Bertrand Gimbert qui m\u2019a form\u00e9 \u00e0 cette m\u00e9thode .<\/p>\n","protected":false},"excerpt":{"rendered":"<p>En 2015 : j\u2019ai d\u00e9couvert le Chi Ne\u00ef Tsang avec Tifen et le praticien m\u2019a propos\u00e9 de m\u2019y former . Ce que j\u2019ai fait en partie . A ce moment-l\u00e0 , j\u2019ai ouvert les portes de l\u2019\u00e9nerg\u00e9tique . En 2019 : je d\u00e9bute l\u2019EFT avec Marion Blique \u00e0 IFPEC de Paris et je poursuis le &hellip; <\/p>\n<p class=\"link-more\"><a href=\"https:\/\/www.faitsetgestes.fr\/?page_id=183\" class=\"more-link\">Continuer la lecture<span class=\"screen-reader-text\"> de &laquo;&nbsp;Mon Parcours&nbsp;&raquo;<\/span><\/a><\/p>\n","protected":false},"author":1,"featured_media":0,"parent":0,"menu_order":0,"comment_status":"closed","ping_status":"closed","template":"","meta":{"om_disable_all_campaigns":false,"_monsterinsights_skip_tracking":false,"_monsterinsights_sitenote_active":false,"_monsterinsights_sitenote_note":"","_monsterinsights_sitenote_category":0,"_uf_show_specific_survey":0,"_uf_disable_surveys":false,"footnotes":""},"class_list":["post-183","page","type-page","status-publish","hentry"],"aioseo_notices":[],"_links":{"self":[{"href":"https:\/\/www.faitsetgestes.fr\/index.php?rest_route=\/wp\/v2\/pages\/183","targetHints":{"allow":["GET"]}}],"collection":[{"href":"https:\/\/www.faitsetgestes.fr\/index.php?rest_route=\/wp\/v2\/pages"}],"about":[{"href":"https:\/\/www.faitsetgestes.fr\/index.php?rest_route=\/wp\/v2\/types\/page"}],"author":[{"embeddable":true,"href":"https:\/\/www.faitsetgestes.fr\/index.php?rest_route=\/wp\/v2\/users\/1"}],"replies":[{"embeddable":true,"href":"https:\/\/www.faitsetgestes.fr\/index.php?rest_route=%2Fwp%2Fv2%2Fcomments&post=183"}],"version-history":[{"count":0,"href":"https:\/\/www.faitsetgestes.fr\/index.php?rest_route=\/wp\/v2\/pages\/183\/revisions"}],"wp:attachment":[{"href":"https:\/\/www.faitsetgestes.fr\/index.php?rest_route=%2Fwp%2Fv2%2Fmedia&parent=183"}],"curies":[{"name":"wp","href":"https:\/\/api.w.org\/{rel}","templated":true}]}}