{"id":199,"date":"2024-12-20T19:38:57","date_gmt":"2024-12-20T18:38:57","guid":{"rendered":"https:\/\/www.faitsetgestes.fr\/?page_id=199"},"modified":"2024-12-20T19:45:55","modified_gmt":"2024-12-20T18:45:55","slug":"le-scan-energetique","status":"publish","type":"page","link":"https:\/\/www.faitsetgestes.fr\/?page_id=199","title":{"rendered":"Le scan \u00e9nerg\u00e9tique"},"content":{"rendered":"\n<p>Qu\u2019est ce que c\u2019est :&nbsp; ce n\u2019est pas un soin . C\u2019est quelque chose que tout le monde fait au&nbsp; quotidien sans en avoir conscience . C\u2019est de rencontrer quelqu\u2019un pour la premi\u00e8re fois et de se dire aussit\u00f4t , je vais l\u2019appr\u00e9cier ou il a l\u2019air sympa mais y\u2019a un truc qui cloche ! c\u2019est toutes ces situations qui se terminent par&nbsp; :&nbsp; je le savais&nbsp; ,&nbsp; je m&#8217;en doutais , j\u2019aurai mieux fait de m\u2019\u00e9couter , j\u2019en \u00e9tais sur !&nbsp;<\/p>\n\n\n\n<p>J\u2019ai fait une formation pour d\u00e9velopper ce sens .<\/p>\n\n\n\n<p>il s&#8217;agit, avec votre accord explicite, de lire dans vos \u00e9nergies diverses pour aller \u00e0 la rencontre de fonctionnements, talents, v\u00e9cus, et freins que je chercherai \u00e0 vous aider \u00e0 fluidifier.<\/p>\n\n\n\n<p>Vous avez votre part des choses \u00e0 faire, ce n&#8217;est qu&#8217;une lecture&nbsp; Comme je vais dans l&#8217;univers des \u00e9nergies, je contacte aussi une part de spiritualit\u00e9, sans religion .Toutes les fois et croyances sont les bienvenues .<\/p>\n\n\n\n<p>Dans la pratique, il s&#8217;agit de faire un appel en direct en visio pour l\u2019enregistrer et pouvoir vous le donner .l&#8217;enregistrement, contenant toute la s\u00e9ance qui comporte la lecture \u00e9nerg\u00e9tique et des propositions de mise en actions , les portes de sorties ,pour continuer d&#8217;aller de l&#8217;avant sur votre chemin personnel.<\/p>\n\n\n\n<p>Vous&nbsp; pourrez ainsi le r\u00e9\u00e9couter plusieurs fois si besoin .<\/p>\n\n\n\n<p>La s\u00e9ance dure 1h environ&nbsp;<\/p>\n\n\n\n<p>A qui s\u2019adresse le scan \u00e9nerg\u00e9tique : aux adultes&nbsp;<\/p>\n","protected":false},"excerpt":{"rendered":"<p>Qu\u2019est ce que c\u2019est :&nbsp; ce n\u2019est pas un soin . C\u2019est quelque chose que tout le monde fait au&nbsp; quotidien sans en avoir conscience . C\u2019est de rencontrer quelqu\u2019un pour la premi\u00e8re fois et de se dire aussit\u00f4t , je vais l\u2019appr\u00e9cier ou il a l\u2019air sympa mais y\u2019a un truc qui cloche ! &hellip; <\/p>\n<p class=\"link-more\"><a href=\"https:\/\/www.faitsetgestes.fr\/?page_id=199\" class=\"more-link\">Continuer la lecture<span class=\"screen-reader-text\"> de &laquo;&nbsp;Le scan \u00e9nerg\u00e9tique&nbsp;&raquo;<\/span><\/a><\/p>\n","protected":false},"author":2,"featured_media":0,"parent":0,"menu_order":0,"comment_status":"closed","ping_status":"closed","template":"","meta":{"om_disable_all_campaigns":false,"_monsterinsights_skip_tracking":false,"_monsterinsights_sitenote_active":false,"_monsterinsights_sitenote_note":"","_monsterinsights_sitenote_category":0,"_uf_show_specific_survey":0,"_uf_disable_surveys":false,"footnotes":""},"class_list":["post-199","page","type-page","status-publish","hentry"],"aioseo_notices":[],"_links":{"self":[{"href":"https:\/\/www.faitsetgestes.fr\/index.php?rest_route=\/wp\/v2\/pages\/199","targetHints":{"allow":["GET"]}}],"collection":[{"href":"https:\/\/www.faitsetgestes.fr\/index.php?rest_route=\/wp\/v2\/pages"}],"about":[{"href":"https:\/\/www.faitsetgestes.fr\/index.php?rest_route=\/wp\/v2\/types\/page"}],"author":[{"embeddable":true,"href":"https:\/\/www.faitsetgestes.fr\/index.php?rest_route=\/wp\/v2\/users\/2"}],"replies":[{"embeddable":true,"href":"https:\/\/www.faitsetgestes.fr\/index.php?rest_route=%2Fwp%2Fv2%2Fcomments&post=199"}],"version-history":[{"count":0,"href":"https:\/\/www.faitsetgestes.fr\/index.php?rest_route=\/wp\/v2\/pages\/199\/revisions"}],"wp:attachment":[{"href":"https:\/\/www.faitsetgestes.fr\/index.php?rest_route=%2Fwp%2Fv2%2Fmedia&parent=199"}],"curies":[{"name":"wp","href":"https:\/\/api.w.org\/{rel}","templated":true}]}}