{"id":214,"date":"2024-12-20T20:32:06","date_gmt":"2024-12-20T19:32:06","guid":{"rendered":"https:\/\/www.faitsetgestes.fr\/?page_id=214"},"modified":"2024-12-20T20:43:41","modified_gmt":"2024-12-20T19:43:41","slug":"prendre-rendez-vous","status":"publish","type":"page","link":"https:\/\/www.faitsetgestes.fr\/?page_id=214","title":{"rendered":"Prendre Rendez Vous"},"content":{"rendered":"\n<p><\/p>\n\n\n\n<p class=\"has-text-align-left\">Tel : <strong>07 68 57 10 78<\/strong><\/p>\n\n\n<p>Les s\u00e9ances se d\u00e9roulent :<\/p>\n<ul>\n<li>Aux pierres du monde , 2 all\u00e9e des conviviales \u00e0 M\u00e9rignac<\/li>\n<li>A domicile dans un rayon de 5 km autour de M\u00e9rignac , \u00e0 voir ensemble<\/li>\n<li>Via Skype , messenger , jitsi pour L&#8217;EFT et obligatoirement pour la lecture \u00e9nerg\u00e9tique<\/li>\n<\/ul>\n\n\n<div class=\"wp-block-group\"><div class=\"wp-block-group__inner-container is-layout-constrained wp-block-group-is-layout-constrained\">\n<div class=\"wp-block-group\"><div class=\"wp-block-group__inner-container is-layout-constrained wp-block-group-is-layout-constrained\">\n<p><\/p>\n<\/div><\/div>\n<\/div><\/div>\n\n\n\n<p><\/p>\n","protected":false},"excerpt":{"rendered":"<p>Tel : 07 68 57 10 78 Les s\u00e9ances se d\u00e9roulent : Aux pierres du monde , 2 all\u00e9e des conviviales \u00e0 M\u00e9rignac A domicile dans un rayon de 5 km autour de M\u00e9rignac , \u00e0 voir ensemble Via Skype , messenger , jitsi pour L&#8217;EFT et obligatoirement pour la lecture \u00e9nerg\u00e9tique<\/p>\n","protected":false},"author":2,"featured_media":0,"parent":0,"menu_order":0,"comment_status":"closed","ping_status":"closed","template":"","meta":{"om_disable_all_campaigns":false,"_monsterinsights_skip_tracking":false,"_monsterinsights_sitenote_active":false,"_monsterinsights_sitenote_note":"","_monsterinsights_sitenote_category":0,"_uf_show_specific_survey":0,"_uf_disable_surveys":false,"footnotes":""},"class_list":["post-214","page","type-page","status-publish","hentry"],"aioseo_notices":[],"_links":{"self":[{"href":"https:\/\/www.faitsetgestes.fr\/index.php?rest_route=\/wp\/v2\/pages\/214","targetHints":{"allow":["GET"]}}],"collection":[{"href":"https:\/\/www.faitsetgestes.fr\/index.php?rest_route=\/wp\/v2\/pages"}],"about":[{"href":"https:\/\/www.faitsetgestes.fr\/index.php?rest_route=\/wp\/v2\/types\/page"}],"author":[{"embeddable":true,"href":"https:\/\/www.faitsetgestes.fr\/index.php?rest_route=\/wp\/v2\/users\/2"}],"replies":[{"embeddable":true,"href":"https:\/\/www.faitsetgestes.fr\/index.php?rest_route=%2Fwp%2Fv2%2Fcomments&post=214"}],"version-history":[{"count":0,"href":"https:\/\/www.faitsetgestes.fr\/index.php?rest_route=\/wp\/v2\/pages\/214\/revisions"}],"wp:attachment":[{"href":"https:\/\/www.faitsetgestes.fr\/index.php?rest_route=%2Fwp%2Fv2%2Fmedia&parent=214"}],"curies":[{"name":"wp","href":"https:\/\/api.w.org\/{rel}","templated":true}]}}