{"id":28,"date":"2021-05-07T22:05:18","date_gmt":"2021-05-07T20:05:18","guid":{"rendered":"http:\/\/www.faitsetgestes.fr\/?page_id=28"},"modified":"2024-12-20T20:42:39","modified_gmt":"2024-12-20T19:42:39","slug":"presentation","status":"publish","type":"page","link":"https:\/\/www.faitsetgestes.fr\/?page_id=28","title":{"rendered":"Qu&#8217;est-ce que la psycho-\u00e9nerg\u00e9tique"},"content":{"rendered":"\n<p style=\"font-style:normal;font-weight:100\">C\u2019est un ensemble de techniques qui vise \u00e0 am\u00e9liorer le corps et l\u2019esprit par un travail de l\u2019\u00e9nergie via les points d\u2019acupuncture sur les m\u00e9ridiens, les chakras ou l\u2019enveloppe \u00e9nerg\u00e9tique. L\u2019objectif est de lib\u00e9rer les \u00e9motions n\u00e9gatives pour soulager et am\u00e9liorer le quotidien dans les domaines psychologiques et physiques .<\/p>\n\n\n\n<p><\/p>\n","protected":false},"excerpt":{"rendered":"<p>C\u2019est un ensemble de techniques qui vise \u00e0 am\u00e9liorer le corps et l\u2019esprit par un travail de l\u2019\u00e9nergie via les points d\u2019acupuncture sur les m\u00e9ridiens, les chakras ou l\u2019enveloppe \u00e9nerg\u00e9tique. L\u2019objectif est de lib\u00e9rer les \u00e9motions n\u00e9gatives pour soulager et am\u00e9liorer le quotidien dans les domaines psychologiques et physiques .<\/p>\n","protected":false},"author":1,"featured_media":0,"parent":0,"menu_order":0,"comment_status":"closed","ping_status":"closed","template":"","meta":{"om_disable_all_campaigns":false,"_monsterinsights_skip_tracking":false,"_monsterinsights_sitenote_active":false,"_monsterinsights_sitenote_note":"","_monsterinsights_sitenote_category":0,"_uf_show_specific_survey":0,"_uf_disable_surveys":false,"footnotes":""},"class_list":["post-28","page","type-page","status-publish","hentry"],"aioseo_notices":[],"_links":{"self":[{"href":"https:\/\/www.faitsetgestes.fr\/index.php?rest_route=\/wp\/v2\/pages\/28","targetHints":{"allow":["GET"]}}],"collection":[{"href":"https:\/\/www.faitsetgestes.fr\/index.php?rest_route=\/wp\/v2\/pages"}],"about":[{"href":"https:\/\/www.faitsetgestes.fr\/index.php?rest_route=\/wp\/v2\/types\/page"}],"author":[{"embeddable":true,"href":"https:\/\/www.faitsetgestes.fr\/index.php?rest_route=\/wp\/v2\/users\/1"}],"replies":[{"embeddable":true,"href":"https:\/\/www.faitsetgestes.fr\/index.php?rest_route=%2Fwp%2Fv2%2Fcomments&post=28"}],"version-history":[{"count":0,"href":"https:\/\/www.faitsetgestes.fr\/index.php?rest_route=\/wp\/v2\/pages\/28\/revisions"}],"wp:attachment":[{"href":"https:\/\/www.faitsetgestes.fr\/index.php?rest_route=%2Fwp%2Fv2%2Fmedia&parent=28"}],"curies":[{"name":"wp","href":"https:\/\/api.w.org\/{rel}","templated":true}]}}